{"id":711,"date":"2020-03-27T20:26:50","date_gmt":"2020-03-27T20:26:50","guid":{"rendered":"http:\/\/bthstudent.se\/?page_id=711"},"modified":"2025-07-15T14:44:28","modified_gmt":"2025-07-15T12:44:28","slug":"studentkultur","status":"publish","type":"page","link":"https:\/\/bthstudent.se\/en\/studentkultur\/","title":{"rendered":"Student Culture"},"content":{"rendered":"<div data-elementor-type=\"wp-post\" data-elementor-id=\"711\" class=\"elementor elementor-711\">\n\t\t\t\t\t\t<section class=\"elementor-section elementor-top-section elementor-element elementor-element-a8b12a5 elementor-section-content-middle elementor-section-boxed elementor-section-height-default elementor-section-height-default\" data-id=\"a8b12a5\" data-element_type=\"section\" data-e-type=\"section\" data-settings=\"{&quot;background_background&quot;:&quot;classic&quot;}\">\n\t\t\t\t\t\t\t<div class=\"elementor-background-overlay\"><\/div>\n\t\t\t\t\t\t\t<div class=\"elementor-container elementor-column-gap-no\">\n\t\t\t\t\t<div class=\"elementor-column elementor-col-33 elementor-top-column elementor-element elementor-element-4141e486\" data-id=\"4141e486\" data-element_type=\"column\" data-e-type=\"column\">\n\t\t\t<div class=\"elementor-widget-wrap elementor-element-populated\">\n\t\t\t\t\t\t<div class=\"elementor-element elementor-element-2fb47e97 elementor-widget elementor-widget-heading\" data-id=\"2fb47e97\" data-element_type=\"widget\" data-e-type=\"widget\" data-widget_type=\"heading.default\">\n\t\t\t\t<div class=\"elementor-widget-container\">\n\t\t\t\t\t<h2 class=\"elementor-heading-title elementor-size-default\">Be apart of student culture<\/h2>\t\t\t\t<\/div>\n\t\t\t\t<\/div>\n\t\t\t\t<div class=\"elementor-element elementor-element-4dc4ee98 elementor-widget elementor-widget-text-editor\" data-id=\"4dc4ee98\" data-element_type=\"widget\" data-e-type=\"widget\" data-widget_type=\"text-editor.default\">\n\t\t\t\t<div class=\"elementor-widget-container\">\n\t\t\t\t\t\t\t\t\t<p class=\"translation-block\">Have you maybe seen us marching in our overalls? <br>\nAre you interested in the studentesque clothing? Read more below!<\/p>\t\t\t\t\t\t\t\t<\/div>\n\t\t\t\t<\/div>\n\t\t\t\t\t<\/div>\n\t\t<\/div>\n\t\t\t\t<div class=\"elementor-column elementor-col-33 elementor-top-column elementor-element elementor-element-e435c7c elementor-hidden-phone\" data-id=\"e435c7c\" data-element_type=\"column\" data-e-type=\"column\">\n\t\t\t<div class=\"elementor-widget-wrap\">\n\t\t\t\t\t\t\t<\/div>\n\t\t<\/div>\n\t\t\t\t<div class=\"elementor-column elementor-col-33 elementor-top-column elementor-element elementor-element-4d47e0e4 elementor-hidden-phone\" data-id=\"4d47e0e4\" data-element_type=\"column\" data-e-type=\"column\">\n\t\t\t<div class=\"elementor-widget-wrap\">\n\t\t\t\t\t\t\t<\/div>\n\t\t<\/div>\n\t\t\t\t\t<\/div>\n\t\t<\/section>\n\t\t\t\t<section class=\"elementor-section elementor-top-section elementor-element elementor-element-39ac066b elementor-section-boxed elementor-section-height-default elementor-section-height-default elementor-invisible\" data-id=\"39ac066b\" data-element_type=\"section\" data-e-type=\"section\" data-settings=\"{&quot;animation&quot;:&quot;fadeInUp&quot;,&quot;animation_mobile&quot;:&quot;fadeInUp&quot;}\">\n\t\t\t\t\t\t<div class=\"elementor-container elementor-column-gap-default\">\n\t\t\t\t\t<div class=\"elementor-column elementor-col-66 elementor-top-column elementor-element elementor-element-5004011e\" data-id=\"5004011e\" data-element_type=\"column\" data-e-type=\"column\">\n\t\t\t<div class=\"elementor-widget-wrap elementor-element-populated\">\n\t\t\t\t\t\t<div class=\"elementor-element elementor-element-5b8abc0 elementor-widget elementor-widget-heading\" data-id=\"5b8abc0\" data-element_type=\"widget\" data-e-type=\"widget\" data-widget_type=\"heading.default\">\n\t\t\t\t<div class=\"elementor-widget-container\">\n\t\t\t\t\t<h2 class=\"elementor-heading-title elementor-size-default\">Student culture<\/h2>\t\t\t\t<\/div>\n\t\t\t\t<\/div>\n\t\t\t\t<div class=\"elementor-element elementor-element-35d436bb elementor-widget elementor-widget-text-editor\" data-id=\"35d436bb\" data-element_type=\"widget\" data-e-type=\"widget\" data-widget_type=\"text-editor.default\">\n\t\t\t\t<div class=\"elementor-widget-container\">\n\t\t\t\t\t\t\t\t\t<p>Blekinge has a rich student culture and overalls. Even if they can look a little odd, it's the people with overalls that will become your closest friends for the rest of your life.<\/p><p>I Blekinge har studentoverallerna olika f\u00e4rg beroende p\u00e5 vilken linje- och utbildningsf\u00f6rening man tillh\u00f6r, men under helger som Fiaslaget i november kan man bli f\u00f6rvirrad f\u00f6r d\u00e5 kommer det studenter fr\u00e5n hela Sverige, fr\u00e5n nordliga Borl\u00e4nge till sydliga Kristianstad p\u00e5 bes\u00f6k f\u00f6r att phesta. Att \u00e5ka till en annan studentstad p\u00e5 phest kallas utomlandsphest d\u00e5 man reser fr\u00e5n sin k\u00e5r till en annan och andra st\u00e4der har andra f\u00e4rger p\u00e5 sin overall. Till exempel har v\u00e5ra sjuksk\u00f6terskor gr\u00f6na overaller h\u00e4r i Blekinge medan gr\u00f6na overaller i J\u00f6nk\u00f6ping betyder att man \u00e4r ekonom.<\/p><p>The nomenclature also differs between different places of study. For example, you do not say ovve, but instead ralle in Sk\u00e5ne when referring to a student overall.<\/p>\t\t\t\t\t\t\t\t<\/div>\n\t\t\t\t<\/div>\n\t\t\t\t<div class=\"elementor-element elementor-element-4b3a434 elementor-widget elementor-widget-text-editor\" data-id=\"4b3a434\" data-element_type=\"widget\" data-e-type=\"widget\" data-widget_type=\"text-editor.default\">\n\t\t\t\t<div class=\"elementor-widget-container\">\n\t\t\t\t\t\t\t\t\t<p>B\u00e5de overall och teknologm\u00f6ssa g\u00e5r att best\u00e4lla av Studentkultur i Tiden som anordnar provningar i samband med introduktionsveckorna.<br \/>If you have any questions regarding the overalls or the technology cap, contact StudentKultur i Tiden: <a href=\"mailto:sit@bthstudent.se\">sit@bthstudent.se<\/a><\/p>\t\t\t\t\t\t\t\t<\/div>\n\t\t\t\t<\/div>\n\t\t\t\t\t<\/div>\n\t\t<\/div>\n\t\t\t\t<div class=\"elementor-column elementor-col-33 elementor-top-column elementor-element elementor-element-7c972bdf\" data-id=\"7c972bdf\" data-element_type=\"column\" data-e-type=\"column\">\n\t\t\t<div class=\"elementor-widget-wrap elementor-element-populated\">\n\t\t\t\t\t\t<section class=\"elementor-section elementor-inner-section elementor-element elementor-element-ac41fd7 elementor-section-boxed elementor-section-height-default elementor-section-height-default\" data-id=\"ac41fd7\" data-element_type=\"section\" data-e-type=\"section\">\n\t\t\t\t\t\t<div class=\"elementor-container elementor-column-gap-default\">\n\t\t\t\t\t<div class=\"elementor-column elementor-col-100 elementor-inner-column elementor-element elementor-element-56d9826\" data-id=\"56d9826\" data-element_type=\"column\" data-e-type=\"column\" data-settings=\"{&quot;background_background&quot;:&quot;classic&quot;}\">\n\t\t\t<div class=\"elementor-widget-wrap elementor-element-populated\">\n\t\t\t\t\t\t<div class=\"elementor-element elementor-element-2ff09dc3 elementor-widget elementor-widget-heading\" data-id=\"2ff09dc3\" data-element_type=\"widget\" data-e-type=\"widget\" data-widget_type=\"heading.default\">\n\t\t\t\t<div class=\"elementor-widget-container\">\n\t\t\t\t\t<h2 class=\"elementor-heading-title elementor-size-default\">Student Technology Cap<\/h2>\t\t\t\t<\/div>\n\t\t\t\t<\/div>\n\t\t\t\t<div class=\"elementor-element elementor-element-16570d90 elementor-widget elementor-widget-text-editor\" data-id=\"16570d90\" data-element_type=\"widget\" data-e-type=\"widget\" data-widget_type=\"text-editor.default\">\n\t\t\t\t<div class=\"elementor-widget-container\">\n\t\t\t\t\t\t\t\t\t<p>The student technology cap is a studentesque garment. The student technology cap is an old tradition in Swedens student unions. That's why a technology cap is considered one of the finest garments a technology student can wear. The burgundy cap can also be used for finer events, for example, the Nobel dinner!<\/p>\t\t\t\t\t\t\t\t<\/div>\n\t\t\t\t<\/div>\n\t\t\t\t<div class=\"elementor-element elementor-element-5dc32abb elementor-widget elementor-widget-heading\" data-id=\"5dc32abb\" data-element_type=\"widget\" data-e-type=\"widget\" data-widget_type=\"heading.default\">\n\t\t\t\t<div class=\"elementor-widget-container\">\n\t\t\t\t\t<h2 class=\"elementor-heading-title elementor-size-default\">overall colors in blekinge<\/h2>\t\t\t\t<\/div>\n\t\t\t\t<\/div>\n\t\t\t\t<div class=\"elementor-element elementor-element-3a2ffd73 elementor-widget elementor-widget-toggle\" data-id=\"3a2ffd73\" data-element_type=\"widget\" data-e-type=\"widget\" data-widget_type=\"toggle.default\">\n\t\t\t\t<div class=\"elementor-widget-container\">\n\t\t\t\t\t\t\t<div class=\"elementor-toggle\">\n\t\t\t\t\t\t\t<div class=\"elementor-toggle-item\">\n\t\t\t\t\t<div id=\"elementor-tab-title-9761\" class=\"elementor-tab-title\" data-tab=\"1\" role=\"button\" aria-controls=\"elementor-tab-content-9761\" aria-expanded=\"false\">\n\t\t\t\t\t\t\t\t\t\t\t\t<span class=\"elementor-toggle-icon elementor-toggle-icon-left\" aria-hidden=\"true\">\n\t\t\t\t\t\t\t\t\t\t\t\t\t\t\t<span class=\"elementor-toggle-icon-closed\"><i class=\"fas fa-caret-right\"><\/i><\/span>\n\t\t\t\t\t\t\t\t<span class=\"elementor-toggle-icon-opened\"><i class=\"elementor-toggle-icon-opened fas fa-caret-up\"><\/i><\/span>\n\t\t\t\t\t\t\t\t\t\t\t\t\t<\/span>\n\t\t\t\t\t\t\t\t\t\t\t\t<a class=\"elementor-toggle-title\" tabindex=\"0\">Karlskrona<\/a>\n\t\t\t\t\t<\/div>\n\n\t\t\t\t\t<div id=\"elementor-tab-content-9761\" class=\"elementor-tab-content elementor-clearfix\" data-tab=\"1\" role=\"region\" aria-labelledby=\"elementor-tab-title-9761\"><p><strong>Red,<\/strong> Machine and Marine technology (ROST)<br \/><strong>Green,<\/strong> Nurse (M\u00e5rfin(t))<br \/><strong>Burgundy,<\/strong> Swedish school of planning (PlanKan)<br \/><strong>Navy blue,<\/strong> Software development programs (BITS)<br \/><strong>Purple,<\/strong> Industrial management (EKEN)<br \/><strong>Orange,<\/strong>\u00a0Game development programs (BOSS)<br \/><strong>Military green,\u00a0<\/strong>H\u00f6gskoleingenj\u00f6r i s\u00e4kerhet och\u00a0Civilingenj\u00f6r i dators\u00e4kerhet\u00a0(#ROOT)<br \/><strong>Pink\/Fuchsia,<\/strong> Digital ljudproduktion (mer \u00e5t det grisrosa f\u00f6rr) (MUK)<br \/><strong>Dark gray,<\/strong> Digital bildproduktion (MUK)<br \/><strong>Lime green<\/strong> Design av digitala och immersiva upplevelser (MUK)<br \/><strong>Sexistenz;<\/strong> Black overalls, green vest and black shirts<br \/><strong style=\"font-size: 15px;\">.smoersex;<\/strong><span style=\"font-size: 15px;\"> their own overalls, white vest, black shirts and black beret<\/span><\/p><\/div>\n\t\t\t\t<\/div>\n\t\t\t\t\t\t\t<div class=\"elementor-toggle-item\">\n\t\t\t\t\t<div id=\"elementor-tab-title-9762\" class=\"elementor-tab-title\" data-tab=\"2\" role=\"button\" aria-controls=\"elementor-tab-content-9762\" aria-expanded=\"false\">\n\t\t\t\t\t\t\t\t\t\t\t\t<span class=\"elementor-toggle-icon elementor-toggle-icon-left\" aria-hidden=\"true\">\n\t\t\t\t\t\t\t\t\t\t\t\t\t\t\t<span class=\"elementor-toggle-icon-closed\"><i class=\"fas fa-caret-right\"><\/i><\/span>\n\t\t\t\t\t\t\t\t<span class=\"elementor-toggle-icon-opened\"><i class=\"elementor-toggle-icon-opened fas fa-caret-up\"><\/i><\/span>\n\t\t\t\t\t\t\t\t\t\t\t\t\t<\/span>\n\t\t\t\t\t\t\t\t\t\t\t\t<a class=\"elementor-toggle-title\" tabindex=\"0\">Historical<\/a>\n\t\t\t\t\t<\/div>\n\n\t\t\t\t\t<div id=\"elementor-tab-content-9762\" class=\"elementor-tab-content elementor-clearfix\" data-tab=\"2\" role=\"region\" aria-labelledby=\"elementor-tab-title-9762\"><p>Karlshamn, Purple, Web development<br \/>Karlshamn, Light blue, Media technology<br \/>Karlshamn, Light brown (camel), Cross Media<br \/>Karlshamn, Orange, Sofe<br \/>Karlshamn, Brun, Design av Digitala spel<\/p><p>Ronneby, 6&amp;, Yellow suspenders, green vest and red shirt (-2009)<br \/>Ronneby, Black, Computer technology (-2008)<br \/>Ronneby, Turquoise, Industrial management (-2008, RISC)<br \/>Ronneby, Mint green, Software engineering (-2008, RISC)<br \/>Ronneby, Light green, Software engineering (-2008, RISC)<br \/>Ronneby, Purple, Game development (-2008, RISC)<br \/>Ronneby, Yellow, Interaction and design (2005-2008, ARON)<br \/>Ronneby, Orange, Human computer technology  working life (-2004. DASC)<br \/>Ronneby, Lila, Computer engineer (-2002, RISC)<\/p><p>Karlskrona, White, Telecommunications, Tele\/datacommunications, Medicinal technology (with black, red, purple, and green stripes respectively) (-2008, TSF)<br \/>Karlskrona, Light green, Humanities\/LKDM<br \/>Karlskrona, Blue, Social sciences<\/p><\/div>\n\t\t\t\t<\/div>\n\t\t\t\t\t\t\t\t<\/div>\n\t\t\t\t\t\t<\/div>\n\t\t\t\t<\/div>\n\t\t\t\t\t<\/div>\n\t\t<\/div>\n\t\t\t\t\t<\/div>\n\t\t<\/section>\n\t\t\t\t\t<\/div>\n\t\t<\/div>\n\t\t\t\t\t<\/div>\n\t\t<\/section>\n\t\t\t\t<\/div>","protected":false},"excerpt":{"rendered":"<p>Ta del av studentkulturen! Har du kanske sett oss komma vandrande genom staden i overaller? \u00c4r du intresserad av den studentikosa kl\u00e4dseln? L\u00e4s mer nedan! StudentkultuR I Blekinge finns en [&hellip;]<\/p>\n","protected":false},"author":157,"featured_media":0,"parent":0,"menu_order":0,"comment_status":"closed","ping_status":"closed","template":"","meta":{"ocean_post_layout":"full-screen","ocean_both_sidebars_style":"","ocean_both_sidebars_content_width":0,"ocean_both_sidebars_sidebars_width":0,"ocean_sidebar":"0","ocean_second_sidebar":"0","ocean_disable_margins":"enable","ocean_add_body_class":"","ocean_shortcode_before_top_bar":"","ocean_shortcode_after_top_bar":"","ocean_shortcode_before_header":"","ocean_shortcode_after_header":"","ocean_has_shortcode":"","ocean_shortcode_after_title":"","ocean_shortcode_before_footer_widgets":"","ocean_shortcode_after_footer_widgets":"","ocean_shortcode_before_footer_bottom":"","ocean_shortcode_after_footer_bottom":"","ocean_display_top_bar":"off","ocean_display_header":"default","ocean_header_style":"","ocean_center_header_left_menu":"0","ocean_custom_header_template":"0","ocean_custom_logo":0,"ocean_custom_retina_logo":0,"ocean_custom_logo_max_width":0,"ocean_custom_logo_tablet_max_width":0,"ocean_custom_logo_mobile_max_width":0,"ocean_custom_logo_max_height":0,"ocean_custom_logo_tablet_max_height":0,"ocean_custom_logo_mobile_max_height":0,"ocean_header_custom_menu":"0","ocean_menu_typo_font_family":"0","ocean_menu_typo_font_subset":"","ocean_menu_typo_font_size":0,"ocean_menu_typo_font_size_tablet":0,"ocean_menu_typo_font_size_mobile":0,"ocean_menu_typo_font_size_unit":"px","ocean_menu_typo_font_weight":"","ocean_menu_typo_font_weight_tablet":"","ocean_menu_typo_font_weight_mobile":"","ocean_menu_typo_transform":"","ocean_menu_typo_transform_tablet":"","ocean_menu_typo_transform_mobile":"","ocean_menu_typo_line_height":0,"ocean_menu_typo_line_height_tablet":0,"ocean_menu_typo_line_height_mobile":0,"ocean_menu_typo_line_height_unit":"","ocean_menu_typo_spacing":0,"ocean_menu_typo_spacing_tablet":0,"ocean_menu_typo_spacing_mobile":0,"ocean_menu_typo_spacing_unit":"","ocean_menu_link_color":"","ocean_menu_link_color_hover":"","ocean_menu_link_color_active":"","ocean_menu_link_background":"","ocean_menu_link_hover_background":"","ocean_menu_link_active_background":"","ocean_menu_social_links_bg":"","ocean_menu_social_hover_links_bg":"","ocean_menu_social_links_color":"","ocean_menu_social_hover_links_color":"","ocean_disable_title":"on","ocean_disable_heading":"default","ocean_post_title":"","ocean_post_subheading":"","ocean_post_title_style":"","ocean_post_title_background_color":"","ocean_post_title_background":0,"ocean_post_title_bg_image_position":"","ocean_post_title_bg_image_attachment":"","ocean_post_title_bg_image_repeat":"","ocean_post_title_bg_image_size":"","ocean_post_title_height":0,"ocean_post_title_bg_overlay":0.5,"ocean_post_title_bg_overlay_color":"","ocean_disable_breadcrumbs":"default","ocean_breadcrumbs_color":"","ocean_breadcrumbs_separator_color":"","ocean_breadcrumbs_links_color":"","ocean_breadcrumbs_links_hover_color":"","ocean_display_footer_widgets":"default","ocean_display_footer_bottom":"default","ocean_custom_footer_template":"0","footnotes":""},"class_list":["post-711","page","type-page","status-publish","hentry","entry"],"_links":{"self":[{"href":"https:\/\/bthstudent.se\/en\/wp-json\/wp\/v2\/pages\/711","targetHints":{"allow":["GET"]}}],"collection":[{"href":"https:\/\/bthstudent.se\/en\/wp-json\/wp\/v2\/pages"}],"about":[{"href":"https:\/\/bthstudent.se\/en\/wp-json\/wp\/v2\/types\/page"}],"author":[{"embeddable":true,"href":"https:\/\/bthstudent.se\/en\/wp-json\/wp\/v2\/users\/157"}],"replies":[{"embeddable":true,"href":"https:\/\/bthstudent.se\/en\/wp-json\/wp\/v2\/comments?post=711"}],"version-history":[{"count":40,"href":"https:\/\/bthstudent.se\/en\/wp-json\/wp\/v2\/pages\/711\/revisions"}],"predecessor-version":[{"id":475521,"href":"https:\/\/bthstudent.se\/en\/wp-json\/wp\/v2\/pages\/711\/revisions\/475521"}],"wp:attachment":[{"href":"https:\/\/bthstudent.se\/en\/wp-json\/wp\/v2\/media?parent=711"}],"curies":[{"name":"wp","href":"https:\/\/api.w.org\/{rel}","templated":true}]}}